{"id":102,"date":"2017-11-29T12:21:53","date_gmt":"2017-11-29T11:21:53","guid":{"rendered":"http:\/\/www.dinsotare.se\/nynashamns-kommun\/?page_id=102"},"modified":"2017-11-29T12:26:37","modified_gmt":"2017-11-29T11:26:37","slug":"ssr-godkand","status":"publish","type":"page","link":"http:\/\/www.dinsotare.se\/nynashamns-kommun\/ssr-godkand\/","title":{"rendered":"SSR Godk\u00e4nd"},"content":{"rendered":"<p><img loading=\"lazy\" decoding=\"async\" class=\"alignnone size-full wp-image-96\" src=\"http:\/\/www.dinsotare.se\/nynashamns-kommun\/wp-content\/uploads\/sites\/6\/2017\/11\/ssrgodkand.jpg\" alt=\"\" width=\"1602\" height=\"1077\" srcset=\"http:\/\/www.dinsotare.se\/nynashamns-kommun\/wp-content\/uploads\/sites\/6\/2017\/11\/ssrgodkand.jpg 1602w, http:\/\/www.dinsotare.se\/nynashamns-kommun\/wp-content\/uploads\/sites\/6\/2017\/11\/ssrgodkand-300x202.jpg 300w, http:\/\/www.dinsotare.se\/nynashamns-kommun\/wp-content\/uploads\/sites\/6\/2017\/11\/ssrgodkand-768x516.jpg 768w, http:\/\/www.dinsotare.se\/nynashamns-kommun\/wp-content\/uploads\/sites\/6\/2017\/11\/ssrgodkand-1024x688.jpg 1024w, http:\/\/www.dinsotare.se\/nynashamns-kommun\/wp-content\/uploads\/sites\/6\/2017\/11\/ssrgodkand-640x430.jpg 640w, http:\/\/www.dinsotare.se\/nynashamns-kommun\/wp-content\/uploads\/sites\/6\/2017\/11\/ssrgodkand-1200x807.jpg 1200w\" sizes=\"auto, (max-width: 639px) 98vw, (max-width: 1199px) 64vw, 770px\" \/><\/p>\n<p>SSR godk\u00e4nda besiktningar har flera syften, fr\u00e4mst \u00e4r det en kvalitets s\u00e4kring av utf\u00f6randet och den f\u00e5r bara utf\u00f6ras av skorstensfejarm\u00e4stare anslutna till Sveriges Skorstensfejarm\u00e4stares Riksf\u00f6rbund. Detta borgar f\u00f6r ett tryggt val.<\/p>\n<p><em>Besiktning ger dig trygghet men det \u00e4r ocks\u00e5 viktigt f\u00f6r att s\u00e4kerst\u00e4lla att system, ventilation och eldst\u00e4der m.m. fungerar tillfredsst\u00e4llande. Vi har l\u00e5ng erfarenhet av m\u00e5nga olika system och installationer och vi ger dig tips och talar om vad som eventuellt \u00e4r fel eller beh\u00f6ver justeras.<\/em><\/p>\n<p><em>Att ta in en kompetent leverant\u00f6r inom detta omr\u00e5de g\u00f6r att du f\u00e5r del av v\u00e5r l\u00e5nga erfarenhet. Justeringar och \u00e5tg\u00e4rder kan skapa dyra kostnader s\u00e5 t\u00e4nk till f\u00f6re och kontakta oss.<\/em><\/p>\n<p>L\u00e4s mer h\u00e4r:\u00a0<a href=\"https:\/\/www.ssrgodkand.se\/\" target=\"_blank\" rel=\"noopener\">https:\/\/www.ssrgodkand.se\/<\/a><\/p>\n","protected":false},"excerpt":{"rendered":"<p>SSR godk\u00e4nda besiktningar har flera syften, fr\u00e4mst \u00e4r det en kvalitets s\u00e4kring av utf\u00f6randet och den f\u00e5r bara utf\u00f6ras av skorstensfejarm\u00e4stare anslutna till Sveriges Skorstensfejarm\u00e4stares Riksf\u00f6rbund. Detta borgar f\u00f6r ett&#8230;<\/p>\n","protected":false},"author":1,"featured_media":0,"parent":0,"menu_order":0,"comment_status":"closed","ping_status":"closed","template":"","meta":{"_acf_changed":false,"footnotes":""},"class_list":["post-102","page","type-page","status-publish","hentry"],"acf":[],"yoast_head":"<!-- This site is optimized with the Yoast SEO plugin v26.1.1 - https:\/\/yoast.com\/wordpress\/plugins\/seo\/ -->\n<title>SSR Godk\u00e4nd - Bramstedts Skorstensfejeri i Nyn\u00e4shamn<\/title>\n<meta name=\"robots\" content=\"index, follow, max-snippet:-1, max-image-preview:large, max-video-preview:-1\" \/>\n<link rel=\"canonical\" href=\"http:\/\/www.dinsotare.se\/nynashamns-kommun\/ssr-godkand\/\" \/>\n<meta property=\"og:locale\" content=\"sv_SE\" \/>\n<meta property=\"og:type\" content=\"article\" \/>\n<meta property=\"og:title\" content=\"SSR Godk\u00e4nd - Bramstedts Skorstensfejeri i Nyn\u00e4shamn\" \/>\n<meta property=\"og:description\" content=\"SSR godk\u00e4nda besiktningar har flera syften, fr\u00e4mst \u00e4r det en kvalitets s\u00e4kring av utf\u00f6randet och den f\u00e5r bara utf\u00f6ras av skorstensfejarm\u00e4stare anslutna till Sveriges Skorstensfejarm\u00e4stares Riksf\u00f6rbund. Detta borgar f\u00f6r ett...\" \/>\n<meta property=\"og:url\" content=\"http:\/\/www.dinsotare.se\/nynashamns-kommun\/ssr-godkand\/\" \/>\n<meta property=\"og:site_name\" content=\"Bramstedts Skorstensfejeri i Nyn\u00e4shamn\" \/>\n<meta property=\"article:modified_time\" content=\"2017-11-29T11:26:37+00:00\" \/>\n<meta property=\"og:image\" content=\"http:\/\/www.dinsotare.se\/nynashamns-kommun\/wp-content\/uploads\/sites\/6\/2017\/11\/ssrgodkand.jpg\" \/>\n<meta name=\"twitter:card\" content=\"summary_large_image\" \/>\n<meta name=\"twitter:label1\" content=\"Ber\u00e4knad l\u00e4stid\" \/>\n\t<meta name=\"twitter:data1\" content=\"1 minut\" \/>\n<script type=\"application\/ld+json\" class=\"yoast-schema-graph\">{\"@context\":\"https:\/\/schema.org\",\"@graph\":[{\"@type\":\"WebPage\",\"@id\":\"http:\/\/www.dinsotare.se\/nynashamns-kommun\/ssr-godkand\/\",\"url\":\"http:\/\/www.dinsotare.se\/nynashamns-kommun\/ssr-godkand\/\",\"name\":\"SSR Godk\u00e4nd - Bramstedts Skorstensfejeri i Nyn\u00e4shamn\",\"isPartOf\":{\"@id\":\"https:\/\/www.dinsotare.se\/nynashamns-kommun\/#website\"},\"primaryImageOfPage\":{\"@id\":\"http:\/\/www.dinsotare.se\/nynashamns-kommun\/ssr-godkand\/#primaryimage\"},\"image\":{\"@id\":\"http:\/\/www.dinsotare.se\/nynashamns-kommun\/ssr-godkand\/#primaryimage\"},\"thumbnailUrl\":\"http:\/\/www.dinsotare.se\/nynashamns-kommun\/wp-content\/uploads\/sites\/6\/2017\/11\/ssrgodkand.jpg\",\"datePublished\":\"2017-11-29T11:21:53+00:00\",\"dateModified\":\"2017-11-29T11:26:37+00:00\",\"breadcrumb\":{\"@id\":\"http:\/\/www.dinsotare.se\/nynashamns-kommun\/ssr-godkand\/#breadcrumb\"},\"inLanguage\":\"sv-SE\",\"potentialAction\":[{\"@type\":\"ReadAction\",\"target\":[\"http:\/\/www.dinsotare.se\/nynashamns-kommun\/ssr-godkand\/\"]}]},{\"@type\":\"ImageObject\",\"inLanguage\":\"sv-SE\",\"@id\":\"http:\/\/www.dinsotare.se\/nynashamns-kommun\/ssr-godkand\/#primaryimage\",\"url\":\"http:\/\/www.dinsotare.se\/nynashamns-kommun\/wp-content\/uploads\/sites\/6\/2017\/11\/ssrgodkand.jpg\",\"contentUrl\":\"http:\/\/www.dinsotare.se\/nynashamns-kommun\/wp-content\/uploads\/sites\/6\/2017\/11\/ssrgodkand.jpg\",\"width\":1602,\"height\":1077},{\"@type\":\"BreadcrumbList\",\"@id\":\"http:\/\/www.dinsotare.se\/nynashamns-kommun\/ssr-godkand\/#breadcrumb\",\"itemListElement\":[{\"@type\":\"ListItem\",\"position\":1,\"name\":\"Hem\",\"item\":\"https:\/\/www.dinsotare.se\/nynashamns-kommun\/\"},{\"@type\":\"ListItem\",\"position\":2,\"name\":\"SSR Godk\u00e4nd\"}]},{\"@type\":\"WebSite\",\"@id\":\"https:\/\/www.dinsotare.se\/nynashamns-kommun\/#website\",\"url\":\"https:\/\/www.dinsotare.se\/nynashamns-kommun\/\",\"name\":\"Bramstedts Skorstensfejeri i Nyn\u00e4shamn\",\"description\":\"\",\"potentialAction\":[{\"@type\":\"SearchAction\",\"target\":{\"@type\":\"EntryPoint\",\"urlTemplate\":\"https:\/\/www.dinsotare.se\/nynashamns-kommun\/?s={search_term_string}\"},\"query-input\":{\"@type\":\"PropertyValueSpecification\",\"valueRequired\":true,\"valueName\":\"search_term_string\"}}],\"inLanguage\":\"sv-SE\"}]}<\/script>\n<!-- \/ Yoast SEO plugin. -->","yoast_head_json":{"title":"SSR Godk\u00e4nd - Bramstedts Skorstensfejeri i Nyn\u00e4shamn","robots":{"index":"index","follow":"follow","max-snippet":"max-snippet:-1","max-image-preview":"max-image-preview:large","max-video-preview":"max-video-preview:-1"},"canonical":"http:\/\/www.dinsotare.se\/nynashamns-kommun\/ssr-godkand\/","og_locale":"sv_SE","og_type":"article","og_title":"SSR Godk\u00e4nd - Bramstedts Skorstensfejeri i Nyn\u00e4shamn","og_description":"SSR godk\u00e4nda besiktningar har flera syften, fr\u00e4mst \u00e4r det en kvalitets s\u00e4kring av utf\u00f6randet och den f\u00e5r bara utf\u00f6ras av skorstensfejarm\u00e4stare anslutna till Sveriges Skorstensfejarm\u00e4stares Riksf\u00f6rbund. Detta borgar f\u00f6r ett...","og_url":"http:\/\/www.dinsotare.se\/nynashamns-kommun\/ssr-godkand\/","og_site_name":"Bramstedts Skorstensfejeri i Nyn\u00e4shamn","article_modified_time":"2017-11-29T11:26:37+00:00","og_image":[{"url":"http:\/\/www.dinsotare.se\/nynashamns-kommun\/wp-content\/uploads\/sites\/6\/2017\/11\/ssrgodkand.jpg","type":"","width":"","height":""}],"twitter_card":"summary_large_image","twitter_misc":{"Ber\u00e4knad l\u00e4stid":"1 minut"},"schema":{"@context":"https:\/\/schema.org","@graph":[{"@type":"WebPage","@id":"http:\/\/www.dinsotare.se\/nynashamns-kommun\/ssr-godkand\/","url":"http:\/\/www.dinsotare.se\/nynashamns-kommun\/ssr-godkand\/","name":"SSR Godk\u00e4nd - Bramstedts Skorstensfejeri i Nyn\u00e4shamn","isPartOf":{"@id":"https:\/\/www.dinsotare.se\/nynashamns-kommun\/#website"},"primaryImageOfPage":{"@id":"http:\/\/www.dinsotare.se\/nynashamns-kommun\/ssr-godkand\/#primaryimage"},"image":{"@id":"http:\/\/www.dinsotare.se\/nynashamns-kommun\/ssr-godkand\/#primaryimage"},"thumbnailUrl":"http:\/\/www.dinsotare.se\/nynashamns-kommun\/wp-content\/uploads\/sites\/6\/2017\/11\/ssrgodkand.jpg","datePublished":"2017-11-29T11:21:53+00:00","dateModified":"2017-11-29T11:26:37+00:00","breadcrumb":{"@id":"http:\/\/www.dinsotare.se\/nynashamns-kommun\/ssr-godkand\/#breadcrumb"},"inLanguage":"sv-SE","potentialAction":[{"@type":"ReadAction","target":["http:\/\/www.dinsotare.se\/nynashamns-kommun\/ssr-godkand\/"]}]},{"@type":"ImageObject","inLanguage":"sv-SE","@id":"http:\/\/www.dinsotare.se\/nynashamns-kommun\/ssr-godkand\/#primaryimage","url":"http:\/\/www.dinsotare.se\/nynashamns-kommun\/wp-content\/uploads\/sites\/6\/2017\/11\/ssrgodkand.jpg","contentUrl":"http:\/\/www.dinsotare.se\/nynashamns-kommun\/wp-content\/uploads\/sites\/6\/2017\/11\/ssrgodkand.jpg","width":1602,"height":1077},{"@type":"BreadcrumbList","@id":"http:\/\/www.dinsotare.se\/nynashamns-kommun\/ssr-godkand\/#breadcrumb","itemListElement":[{"@type":"ListItem","position":1,"name":"Hem","item":"https:\/\/www.dinsotare.se\/nynashamns-kommun\/"},{"@type":"ListItem","position":2,"name":"SSR Godk\u00e4nd"}]},{"@type":"WebSite","@id":"https:\/\/www.dinsotare.se\/nynashamns-kommun\/#website","url":"https:\/\/www.dinsotare.se\/nynashamns-kommun\/","name":"Bramstedts Skorstensfejeri i Nyn\u00e4shamn","description":"","potentialAction":[{"@type":"SearchAction","target":{"@type":"EntryPoint","urlTemplate":"https:\/\/www.dinsotare.se\/nynashamns-kommun\/?s={search_term_string}"},"query-input":{"@type":"PropertyValueSpecification","valueRequired":true,"valueName":"search_term_string"}}],"inLanguage":"sv-SE"}]}},"_links":{"self":[{"href":"http:\/\/www.dinsotare.se\/nynashamns-kommun\/wp-json\/wp\/v2\/pages\/102","targetHints":{"allow":["GET"]}}],"collection":[{"href":"http:\/\/www.dinsotare.se\/nynashamns-kommun\/wp-json\/wp\/v2\/pages"}],"about":[{"href":"http:\/\/www.dinsotare.se\/nynashamns-kommun\/wp-json\/wp\/v2\/types\/page"}],"author":[{"embeddable":true,"href":"http:\/\/www.dinsotare.se\/nynashamns-kommun\/wp-json\/wp\/v2\/users\/1"}],"replies":[{"embeddable":true,"href":"http:\/\/www.dinsotare.se\/nynashamns-kommun\/wp-json\/wp\/v2\/comments?post=102"}],"version-history":[{"count":5,"href":"http:\/\/www.dinsotare.se\/nynashamns-kommun\/wp-json\/wp\/v2\/pages\/102\/revisions"}],"predecessor-version":[{"id":108,"href":"http:\/\/www.dinsotare.se\/nynashamns-kommun\/wp-json\/wp\/v2\/pages\/102\/revisions\/108"}],"wp:attachment":[{"href":"http:\/\/www.dinsotare.se\/nynashamns-kommun\/wp-json\/wp\/v2\/media?parent=102"}],"curies":[{"name":"wp","href":"https:\/\/api.w.org\/{rel}","templated":true}]}}