{"id":39,"date":"2017-11-28T18:35:33","date_gmt":"2017-11-28T17:35:33","guid":{"rendered":"http:\/\/www.dinsotare.se\/nynashamns-kommun\/?page_id=39"},"modified":"2018-01-26T11:52:33","modified_gmt":"2018-01-26T10:52:33","slug":"lankar","status":"publish","type":"page","link":"http:\/\/www.dinsotare.se\/nynashamns-kommun\/lankar\/","title":{"rendered":"L\u00e4nkar"},"content":{"rendered":"<p>H\u00e4r hittar du l\u00e4nkar till organisationer som \u00e4r relaterade till v\u00e5r verksamhet.<\/p>\n<p><a href=\"https:\/\/www.sbff.se\/\" target=\"_blank\" rel=\"noopener\">S\u00f6dert\u00f6rns Brandf\u00f6rsvarsf\u00f6rbund<\/a><\/p>\n<p><a href=\"http:\/\/www.skorstensfejare.se\/\" target=\"_blank\" rel=\"noopener\">Sveriges Skorstensfejarm\u00e4stares Riksf\u00f6rbund<\/a><\/p>\n<p><a href=\"https:\/\/www.huddinge.se\/bostad-och-miljo\/din-bostad-och-tomt\/sotning-och-brandskyddskontroll\/\" target=\"_blank\" rel=\"nofollow noopener\">Huddinge kommun information om brandskydd och sotning<\/a><\/p>\n<p><a title=\"Taks\u00e4kerhetskommitt\u00e9n\" href=\"http:\/\/www.taksakerhet.se\/\" target=\"_blank\" rel=\"nofollow noopener\">Taks\u00e4kerhetskommit\u00e9n<\/a><\/p>\n<p><a title=\"Energir\u00e5dgivarna\" href=\"http:\/\/www.energiradgivarna.com\/\" target=\"_blank\" rel=\"nofollow noopener\">Energir\u00e5dgivarna<\/a><\/p>\n<p><a title=\"SSR Godk\u00e4nd\" href=\"https:\/\/www.ssrgodkand.se\/\" target=\"_blank\" rel=\"nofollow noopener\">SSR godk\u00e4nd besiktning<\/a><\/p>\n","protected":false},"excerpt":{"rendered":"<p>H\u00e4r hittar du l\u00e4nkar till organisationer som \u00e4r relaterade till v\u00e5r verksamhet. S\u00f6dert\u00f6rns Brandf\u00f6rsvarsf\u00f6rbund Sveriges Skorstensfejarm\u00e4stares Riksf\u00f6rbund Huddinge kommun information om brandskydd och sotning Taks\u00e4kerhetskommit\u00e9n Energir\u00e5dgivarna SSR godk\u00e4nd besiktning<\/p>\n","protected":false},"author":1,"featured_media":0,"parent":0,"menu_order":0,"comment_status":"closed","ping_status":"closed","template":"","meta":{"_acf_changed":false,"footnotes":""},"class_list":["post-39","page","type-page","status-publish","hentry"],"acf":[],"yoast_head":"<!-- This site is optimized with the Yoast SEO plugin v26.1.1 - https:\/\/yoast.com\/wordpress\/plugins\/seo\/ -->\n<title>L\u00e4nkar - Bramstedts Skorstensfejeri i Nyn\u00e4shamn<\/title>\n<meta name=\"robots\" content=\"index, follow, max-snippet:-1, max-image-preview:large, max-video-preview:-1\" \/>\n<link rel=\"canonical\" href=\"http:\/\/www.dinsotare.se\/nynashamns-kommun\/lankar\/\" \/>\n<meta property=\"og:locale\" content=\"sv_SE\" \/>\n<meta property=\"og:type\" content=\"article\" \/>\n<meta property=\"og:title\" content=\"L\u00e4nkar - Bramstedts Skorstensfejeri i Nyn\u00e4shamn\" \/>\n<meta property=\"og:description\" content=\"H\u00e4r hittar du l\u00e4nkar till organisationer som \u00e4r relaterade till v\u00e5r verksamhet. S\u00f6dert\u00f6rns Brandf\u00f6rsvarsf\u00f6rbund Sveriges Skorstensfejarm\u00e4stares Riksf\u00f6rbund Huddinge kommun information om brandskydd och sotning Taks\u00e4kerhetskommit\u00e9n Energir\u00e5dgivarna SSR godk\u00e4nd besiktning\" \/>\n<meta property=\"og:url\" content=\"http:\/\/www.dinsotare.se\/nynashamns-kommun\/lankar\/\" \/>\n<meta property=\"og:site_name\" content=\"Bramstedts Skorstensfejeri i Nyn\u00e4shamn\" \/>\n<meta property=\"article:modified_time\" content=\"2018-01-26T10:52:33+00:00\" \/>\n<meta name=\"twitter:card\" content=\"summary_large_image\" \/>\n<script type=\"application\/ld+json\" class=\"yoast-schema-graph\">{\"@context\":\"https:\/\/schema.org\",\"@graph\":[{\"@type\":\"WebPage\",\"@id\":\"http:\/\/www.dinsotare.se\/nynashamns-kommun\/lankar\/\",\"url\":\"http:\/\/www.dinsotare.se\/nynashamns-kommun\/lankar\/\",\"name\":\"L\u00e4nkar - Bramstedts Skorstensfejeri i Nyn\u00e4shamn\",\"isPartOf\":{\"@id\":\"https:\/\/www.dinsotare.se\/nynashamns-kommun\/#website\"},\"datePublished\":\"2017-11-28T17:35:33+00:00\",\"dateModified\":\"2018-01-26T10:52:33+00:00\",\"breadcrumb\":{\"@id\":\"http:\/\/www.dinsotare.se\/nynashamns-kommun\/lankar\/#breadcrumb\"},\"inLanguage\":\"sv-SE\",\"potentialAction\":[{\"@type\":\"ReadAction\",\"target\":[\"http:\/\/www.dinsotare.se\/nynashamns-kommun\/lankar\/\"]}]},{\"@type\":\"BreadcrumbList\",\"@id\":\"http:\/\/www.dinsotare.se\/nynashamns-kommun\/lankar\/#breadcrumb\",\"itemListElement\":[{\"@type\":\"ListItem\",\"position\":1,\"name\":\"Hem\",\"item\":\"https:\/\/www.dinsotare.se\/nynashamns-kommun\/\"},{\"@type\":\"ListItem\",\"position\":2,\"name\":\"L\u00e4nkar\"}]},{\"@type\":\"WebSite\",\"@id\":\"https:\/\/www.dinsotare.se\/nynashamns-kommun\/#website\",\"url\":\"https:\/\/www.dinsotare.se\/nynashamns-kommun\/\",\"name\":\"Bramstedts Skorstensfejeri i Nyn\u00e4shamn\",\"description\":\"\",\"potentialAction\":[{\"@type\":\"SearchAction\",\"target\":{\"@type\":\"EntryPoint\",\"urlTemplate\":\"https:\/\/www.dinsotare.se\/nynashamns-kommun\/?s={search_term_string}\"},\"query-input\":{\"@type\":\"PropertyValueSpecification\",\"valueRequired\":true,\"valueName\":\"search_term_string\"}}],\"inLanguage\":\"sv-SE\"}]}<\/script>\n<!-- \/ Yoast SEO plugin. -->","yoast_head_json":{"title":"L\u00e4nkar - Bramstedts Skorstensfejeri i Nyn\u00e4shamn","robots":{"index":"index","follow":"follow","max-snippet":"max-snippet:-1","max-image-preview":"max-image-preview:large","max-video-preview":"max-video-preview:-1"},"canonical":"http:\/\/www.dinsotare.se\/nynashamns-kommun\/lankar\/","og_locale":"sv_SE","og_type":"article","og_title":"L\u00e4nkar - Bramstedts Skorstensfejeri i Nyn\u00e4shamn","og_description":"H\u00e4r hittar du l\u00e4nkar till organisationer som \u00e4r relaterade till v\u00e5r verksamhet. S\u00f6dert\u00f6rns Brandf\u00f6rsvarsf\u00f6rbund Sveriges Skorstensfejarm\u00e4stares Riksf\u00f6rbund Huddinge kommun information om brandskydd och sotning Taks\u00e4kerhetskommit\u00e9n Energir\u00e5dgivarna SSR godk\u00e4nd besiktning","og_url":"http:\/\/www.dinsotare.se\/nynashamns-kommun\/lankar\/","og_site_name":"Bramstedts Skorstensfejeri i Nyn\u00e4shamn","article_modified_time":"2018-01-26T10:52:33+00:00","twitter_card":"summary_large_image","schema":{"@context":"https:\/\/schema.org","@graph":[{"@type":"WebPage","@id":"http:\/\/www.dinsotare.se\/nynashamns-kommun\/lankar\/","url":"http:\/\/www.dinsotare.se\/nynashamns-kommun\/lankar\/","name":"L\u00e4nkar - Bramstedts Skorstensfejeri i Nyn\u00e4shamn","isPartOf":{"@id":"https:\/\/www.dinsotare.se\/nynashamns-kommun\/#website"},"datePublished":"2017-11-28T17:35:33+00:00","dateModified":"2018-01-26T10:52:33+00:00","breadcrumb":{"@id":"http:\/\/www.dinsotare.se\/nynashamns-kommun\/lankar\/#breadcrumb"},"inLanguage":"sv-SE","potentialAction":[{"@type":"ReadAction","target":["http:\/\/www.dinsotare.se\/nynashamns-kommun\/lankar\/"]}]},{"@type":"BreadcrumbList","@id":"http:\/\/www.dinsotare.se\/nynashamns-kommun\/lankar\/#breadcrumb","itemListElement":[{"@type":"ListItem","position":1,"name":"Hem","item":"https:\/\/www.dinsotare.se\/nynashamns-kommun\/"},{"@type":"ListItem","position":2,"name":"L\u00e4nkar"}]},{"@type":"WebSite","@id":"https:\/\/www.dinsotare.se\/nynashamns-kommun\/#website","url":"https:\/\/www.dinsotare.se\/nynashamns-kommun\/","name":"Bramstedts Skorstensfejeri i Nyn\u00e4shamn","description":"","potentialAction":[{"@type":"SearchAction","target":{"@type":"EntryPoint","urlTemplate":"https:\/\/www.dinsotare.se\/nynashamns-kommun\/?s={search_term_string}"},"query-input":{"@type":"PropertyValueSpecification","valueRequired":true,"valueName":"search_term_string"}}],"inLanguage":"sv-SE"}]}},"_links":{"self":[{"href":"http:\/\/www.dinsotare.se\/nynashamns-kommun\/wp-json\/wp\/v2\/pages\/39","targetHints":{"allow":["GET"]}}],"collection":[{"href":"http:\/\/www.dinsotare.se\/nynashamns-kommun\/wp-json\/wp\/v2\/pages"}],"about":[{"href":"http:\/\/www.dinsotare.se\/nynashamns-kommun\/wp-json\/wp\/v2\/types\/page"}],"author":[{"embeddable":true,"href":"http:\/\/www.dinsotare.se\/nynashamns-kommun\/wp-json\/wp\/v2\/users\/1"}],"replies":[{"embeddable":true,"href":"http:\/\/www.dinsotare.se\/nynashamns-kommun\/wp-json\/wp\/v2\/comments?post=39"}],"version-history":[{"count":3,"href":"http:\/\/www.dinsotare.se\/nynashamns-kommun\/wp-json\/wp\/v2\/pages\/39\/revisions"}],"predecessor-version":[{"id":177,"href":"http:\/\/www.dinsotare.se\/nynashamns-kommun\/wp-json\/wp\/v2\/pages\/39\/revisions\/177"}],"wp:attachment":[{"href":"http:\/\/www.dinsotare.se\/nynashamns-kommun\/wp-json\/wp\/v2\/media?parent=39"}],"curies":[{"name":"wp","href":"https:\/\/api.w.org\/{rel}","templated":true}]}}