{"id":4,"date":"2017-11-28T17:44:49","date_gmt":"2017-11-28T16:44:49","guid":{"rendered":"http:\/\/www.dinsotare.se\/rattviks-kommun\/?page_id=4"},"modified":"2024-09-19T13:28:27","modified_gmt":"2024-09-19T11:28:27","slug":"hem","status":"publish","type":"page","link":"http:\/\/www.dinsotare.se\/rattviks-kommun\/","title":{"rendered":"Hem"},"content":{"rendered":"","protected":false},"excerpt":{"rendered":"","protected":false},"author":1,"featured_media":0,"parent":0,"menu_order":0,"comment_status":"closed","ping_status":"closed","template":"","meta":{"_acf_changed":false,"footnotes":""},"class_list":["post-4","page","type-page","status-publish","hentry"],"acf":[],"yoast_head":"<!-- This site is optimized with the Yoast SEO plugin v26.1.1 - https:\/\/yoast.com\/wordpress\/plugins\/seo\/ -->\n<title>Bramstedts Skorstensfejeri i R\u00e4ttviks kommun - Din sotare i Dalarna<\/title>\n<meta name=\"description\" content=\"En stor del av dagens br\u00e4nder i bost\u00e4der b\u00f6rjar i skorstenar, Bramsteds Skorstensfejeri AB \u00e5tar sig uppdrag i Dalarna med omnejd innan olyckan \u00e4r framme.\" \/>\n<meta name=\"robots\" content=\"index, follow, max-snippet:-1, max-image-preview:large, max-video-preview:-1\" \/>\n<link rel=\"canonical\" href=\"https:\/\/www.dinsotare.se\/rattviks-kommun\/\" \/>\n<meta property=\"og:locale\" content=\"sv_SE\" \/>\n<meta property=\"og:type\" content=\"article\" \/>\n<meta property=\"og:title\" content=\"Bramstedts Skorstensfejeri i R\u00e4ttviks kommun - Din sotare i Dalarna\" \/>\n<meta property=\"og:description\" content=\"En stor del av dagens br\u00e4nder i bost\u00e4der b\u00f6rjar i skorstenar, Bramsteds Skorstensfejeri AB \u00e5tar sig uppdrag i Dalarna med omnejd innan olyckan \u00e4r framme.\" \/>\n<meta property=\"og:url\" content=\"https:\/\/www.dinsotare.se\/rattviks-kommun\/\" \/>\n<meta property=\"og:site_name\" content=\"Bramstedts Skorstensfejeri i R\u00e4ttviks kommun\" \/>\n<meta property=\"article:modified_time\" content=\"2024-09-19T11:28:27+00:00\" \/>\n<meta name=\"twitter:card\" content=\"summary_large_image\" \/>\n<script type=\"application\/ld+json\" class=\"yoast-schema-graph\">{\"@context\":\"https:\/\/schema.org\",\"@graph\":[{\"@type\":\"WebPage\",\"@id\":\"https:\/\/www.dinsotare.se\/rattviks-kommun\/\",\"url\":\"https:\/\/www.dinsotare.se\/rattviks-kommun\/\",\"name\":\"Bramstedts Skorstensfejeri i R\u00e4ttviks kommun - Din sotare i Dalarna\",\"isPartOf\":{\"@id\":\"https:\/\/www.dinsotare.se\/rattviks-kommun\/#website\"},\"datePublished\":\"2017-11-28T16:44:49+00:00\",\"dateModified\":\"2024-09-19T11:28:27+00:00\",\"description\":\"En stor del av dagens br\u00e4nder i bost\u00e4der b\u00f6rjar i skorstenar, Bramsteds Skorstensfejeri AB \u00e5tar sig uppdrag i Dalarna med omnejd innan olyckan \u00e4r framme.\",\"breadcrumb\":{\"@id\":\"https:\/\/www.dinsotare.se\/rattviks-kommun\/#breadcrumb\"},\"inLanguage\":\"sv-SE\",\"potentialAction\":[{\"@type\":\"ReadAction\",\"target\":[\"https:\/\/www.dinsotare.se\/rattviks-kommun\/\"]}]},{\"@type\":\"BreadcrumbList\",\"@id\":\"https:\/\/www.dinsotare.se\/rattviks-kommun\/#breadcrumb\",\"itemListElement\":[{\"@type\":\"ListItem\",\"position\":1,\"name\":\"Hem\",\"item\":\"https:\/\/www.dinsotare.se\/rattviks-kommun\/\"},{\"@type\":\"ListItem\",\"position\":2,\"name\":\"Hem\"}]},{\"@type\":\"WebSite\",\"@id\":\"https:\/\/www.dinsotare.se\/rattviks-kommun\/#website\",\"url\":\"https:\/\/www.dinsotare.se\/rattviks-kommun\/\",\"name\":\"Bramstedts Skorstensfejeri i R\u00e4ttviks kommun\",\"description\":\"\",\"potentialAction\":[{\"@type\":\"SearchAction\",\"target\":{\"@type\":\"EntryPoint\",\"urlTemplate\":\"https:\/\/www.dinsotare.se\/rattviks-kommun\/?s={search_term_string}\"},\"query-input\":{\"@type\":\"PropertyValueSpecification\",\"valueRequired\":true,\"valueName\":\"search_term_string\"}}],\"inLanguage\":\"sv-SE\"}]}<\/script>\n<!-- \/ Yoast SEO plugin. -->","yoast_head_json":{"title":"Bramstedts Skorstensfejeri i R\u00e4ttviks kommun - Din sotare i Dalarna","description":"En stor del av dagens br\u00e4nder i bost\u00e4der b\u00f6rjar i skorstenar, Bramsteds Skorstensfejeri AB \u00e5tar sig uppdrag i Dalarna med omnejd innan olyckan \u00e4r framme.","robots":{"index":"index","follow":"follow","max-snippet":"max-snippet:-1","max-image-preview":"max-image-preview:large","max-video-preview":"max-video-preview:-1"},"canonical":"https:\/\/www.dinsotare.se\/rattviks-kommun\/","og_locale":"sv_SE","og_type":"article","og_title":"Bramstedts Skorstensfejeri i R\u00e4ttviks kommun - Din sotare i Dalarna","og_description":"En stor del av dagens br\u00e4nder i bost\u00e4der b\u00f6rjar i skorstenar, Bramsteds Skorstensfejeri AB \u00e5tar sig uppdrag i Dalarna med omnejd innan olyckan \u00e4r framme.","og_url":"https:\/\/www.dinsotare.se\/rattviks-kommun\/","og_site_name":"Bramstedts Skorstensfejeri i R\u00e4ttviks kommun","article_modified_time":"2024-09-19T11:28:27+00:00","twitter_card":"summary_large_image","schema":{"@context":"https:\/\/schema.org","@graph":[{"@type":"WebPage","@id":"https:\/\/www.dinsotare.se\/rattviks-kommun\/","url":"https:\/\/www.dinsotare.se\/rattviks-kommun\/","name":"Bramstedts Skorstensfejeri i R\u00e4ttviks kommun - Din sotare i Dalarna","isPartOf":{"@id":"https:\/\/www.dinsotare.se\/rattviks-kommun\/#website"},"datePublished":"2017-11-28T16:44:49+00:00","dateModified":"2024-09-19T11:28:27+00:00","description":"En stor del av dagens br\u00e4nder i bost\u00e4der b\u00f6rjar i skorstenar, Bramsteds Skorstensfejeri AB \u00e5tar sig uppdrag i Dalarna med omnejd innan olyckan \u00e4r framme.","breadcrumb":{"@id":"https:\/\/www.dinsotare.se\/rattviks-kommun\/#breadcrumb"},"inLanguage":"sv-SE","potentialAction":[{"@type":"ReadAction","target":["https:\/\/www.dinsotare.se\/rattviks-kommun\/"]}]},{"@type":"BreadcrumbList","@id":"https:\/\/www.dinsotare.se\/rattviks-kommun\/#breadcrumb","itemListElement":[{"@type":"ListItem","position":1,"name":"Hem","item":"https:\/\/www.dinsotare.se\/rattviks-kommun\/"},{"@type":"ListItem","position":2,"name":"Hem"}]},{"@type":"WebSite","@id":"https:\/\/www.dinsotare.se\/rattviks-kommun\/#website","url":"https:\/\/www.dinsotare.se\/rattviks-kommun\/","name":"Bramstedts Skorstensfejeri i R\u00e4ttviks kommun","description":"","potentialAction":[{"@type":"SearchAction","target":{"@type":"EntryPoint","urlTemplate":"https:\/\/www.dinsotare.se\/rattviks-kommun\/?s={search_term_string}"},"query-input":{"@type":"PropertyValueSpecification","valueRequired":true,"valueName":"search_term_string"}}],"inLanguage":"sv-SE"}]}},"_links":{"self":[{"href":"http:\/\/www.dinsotare.se\/rattviks-kommun\/wp-json\/wp\/v2\/pages\/4","targetHints":{"allow":["GET"]}}],"collection":[{"href":"http:\/\/www.dinsotare.se\/rattviks-kommun\/wp-json\/wp\/v2\/pages"}],"about":[{"href":"http:\/\/www.dinsotare.se\/rattviks-kommun\/wp-json\/wp\/v2\/types\/page"}],"author":[{"embeddable":true,"href":"http:\/\/www.dinsotare.se\/rattviks-kommun\/wp-json\/wp\/v2\/users\/1"}],"replies":[{"embeddable":true,"href":"http:\/\/www.dinsotare.se\/rattviks-kommun\/wp-json\/wp\/v2\/comments?post=4"}],"version-history":[{"count":24,"href":"http:\/\/www.dinsotare.se\/rattviks-kommun\/wp-json\/wp\/v2\/pages\/4\/revisions"}],"predecessor-version":[{"id":912,"href":"http:\/\/www.dinsotare.se\/rattviks-kommun\/wp-json\/wp\/v2\/pages\/4\/revisions\/912"}],"wp:attachment":[{"href":"http:\/\/www.dinsotare.se\/rattviks-kommun\/wp-json\/wp\/v2\/media?parent=4"}],"curies":[{"name":"wp","href":"https:\/\/api.w.org\/{rel}","templated":true}]}}