{"id":50,"date":"2017-11-28T18:41:13","date_gmt":"2017-11-28T17:41:13","guid":{"rendered":"http:\/\/www.dinsotare.se\/rattviks-kommun\/?page_id=50"},"modified":"2018-03-20T18:47:09","modified_gmt":"2018-03-20T17:47:09","slug":"om-oss","status":"publish","type":"page","link":"http:\/\/www.dinsotare.se\/rattviks-kommun\/om-oss\/","title":{"rendered":"Om oss"},"content":{"rendered":"<h2>V\u00e5r aff\u00e4rsid\u00e9<\/h2>\n<p>Bramstedts Skorstensfejeri AB utf\u00f6r lagstadgad brandskyddskontroll, reng\u00f6ring\u00a0och tillh\u00f6rande besiktningar med h\u00f6g kvalit\u00e9 och ett trevligt bem\u00f6tande.<\/p>\n<p>Vi erbjuder alla typer av besiktningar inom energi, milj\u00f6, funktion och brandbesiktningar p\u00e5 alla niv\u00e5er i en- och flerfamiljshus och p\u00e5 s\u00e5 vis skapar vi\u00a0l\u00e5ngsiktiga relationer.<\/p>\n<h2>V\u00e5r vision<\/h2>\n<p>Bramstedts Skorstensfejeri AB \u00e4r ett v\u00e4l sammansatt f\u00f6retag d\u00e4r trivseln ska vara bra och vi samverkar f\u00f6r alla och f\u00f6retagets b\u00e4sta. Vi \u00e4r ett lag d\u00e4r alla \u00e4r lika\u00a0viktiga.<\/p>\n<p>Vi \u00e4r en s\u00e4ker samarbetspartner f\u00f6r s\u00e5v\u00e4l kommun,\u00a0f\u00f6retag och privatpersoner inom omr\u00e5den energi, milj\u00f6, funktion och brandskydd. V\u00e5rt\u00a0m\u00e5l \u00e4r att \u00f6vertr\u00e4ffa v\u00e5ra kunders h\u00f6ga f\u00f6rv\u00e4ntningar.<\/p>\n<h2>V\u00e5ra v\u00e4rderingar<\/h2>\n<p>Merparten av uppdragen \u00e4r myndighetsut\u00f6vning och \u00e4r de v\u00e4rderingar som\u00a0v\u00e5rt f\u00f6retag och tj\u00e4nster v\u00e5rt utf\u00f6rande vilar p\u00e5, i f\u00f6rsta hand att f\u00f6lja g\u00e4llande\u00a0best\u00e4mmelser p\u00e5 ett s\u00e5 kvalitativt och milj\u00f6m\u00e4ssigt bra s\u00e4tt som m\u00f6jligt.<\/p>\n<p>Vi ska alltid m\u00f6ta kunden p\u00e5 ett v\u00e4nligt och professionellt s\u00e4tt.\u00a0Vi skall utf\u00f6ra uppdraget med h\u00f6g noggrannhet och vara lyh\u00f6rda.\u00a0Vi v\u00e4rnar om v\u00e5r opartiskhet vid alla typer av uppdrag. Vi \u00e4r medvetna om v\u00e5r tystnadsplikt.<\/p>\n<p>Vi skall v\u00e4lja produkter f\u00f6r minsta m\u00f6jliga belastning p\u00e5 milj\u00f6n.<\/p>\n<p>Vi l\u00e5ter v\u00e5ra medarbetare ta ansvar och utvecklas, d\u00e5 f\u00e5r vi en h\u00f6g servicegrad\/kundn\u00f6jdhet.<\/p>\n","protected":false},"excerpt":{"rendered":"<p>V\u00e5r aff\u00e4rsid\u00e9 Bramstedts Skorstensfejeri AB utf\u00f6r lagstadgad brandskyddskontroll, reng\u00f6ring\u00a0och tillh\u00f6rande besiktningar med h\u00f6g kvalit\u00e9 och ett trevligt bem\u00f6tande. Vi erbjuder alla typer av besiktningar inom energi, milj\u00f6, funktion och brandbesiktningar&#8230;<\/p>\n","protected":false},"author":1,"featured_media":95,"parent":0,"menu_order":0,"comment_status":"closed","ping_status":"closed","template":"","meta":{"_acf_changed":false,"footnotes":""},"class_list":["post-50","page","type-page","status-publish","has-post-thumbnail","hentry"],"acf":[],"yoast_head":"<!-- This site is optimized with the Yoast SEO plugin v26.1.1 - https:\/\/yoast.com\/wordpress\/plugins\/seo\/ -->\n<title>Om oss - Bramstedts Skorstensfejeri i R\u00e4ttviks kommun<\/title>\n<meta name=\"robots\" content=\"index, follow, max-snippet:-1, max-image-preview:large, max-video-preview:-1\" \/>\n<link rel=\"canonical\" href=\"http:\/\/www.dinsotare.se\/rattviks-kommun\/om-oss\/\" \/>\n<meta property=\"og:locale\" content=\"sv_SE\" \/>\n<meta property=\"og:type\" content=\"article\" \/>\n<meta property=\"og:title\" content=\"Om oss - Bramstedts Skorstensfejeri i R\u00e4ttviks kommun\" \/>\n<meta property=\"og:description\" content=\"V\u00e5r aff\u00e4rsid\u00e9 Bramstedts Skorstensfejeri AB utf\u00f6r lagstadgad brandskyddskontroll, reng\u00f6ring\u00a0och tillh\u00f6rande besiktningar med h\u00f6g kvalit\u00e9 och ett trevligt bem\u00f6tande. Vi erbjuder alla typer av besiktningar inom energi, milj\u00f6, funktion och brandbesiktningar...\" \/>\n<meta property=\"og:url\" content=\"http:\/\/www.dinsotare.se\/rattviks-kommun\/om-oss\/\" \/>\n<meta property=\"og:site_name\" content=\"Bramstedts Skorstensfejeri i R\u00e4ttviks kommun\" \/>\n<meta property=\"article:modified_time\" content=\"2018-03-20T17:47:09+00:00\" \/>\n<meta property=\"og:image\" content=\"http:\/\/www.dinsotare.se\/rattviks-kommun\/wp-content\/uploads\/sites\/7\/2017\/11\/geran-de-klerk-216686-1024x768.jpg\" \/>\n\t<meta property=\"og:image:width\" content=\"1024\" \/>\n\t<meta property=\"og:image:height\" content=\"768\" \/>\n\t<meta property=\"og:image:type\" content=\"image\/jpeg\" \/>\n<meta name=\"twitter:card\" content=\"summary_large_image\" \/>\n<meta name=\"twitter:label1\" content=\"Ber\u00e4knad l\u00e4stid\" \/>\n\t<meta name=\"twitter:data1\" content=\"1 minut\" \/>\n<script type=\"application\/ld+json\" class=\"yoast-schema-graph\">{\"@context\":\"https:\/\/schema.org\",\"@graph\":[{\"@type\":\"WebPage\",\"@id\":\"http:\/\/www.dinsotare.se\/rattviks-kommun\/om-oss\/\",\"url\":\"http:\/\/www.dinsotare.se\/rattviks-kommun\/om-oss\/\",\"name\":\"Om oss - Bramstedts Skorstensfejeri i R\u00e4ttviks kommun\",\"isPartOf\":{\"@id\":\"http:\/\/www.dinsotare.se\/rattviks-kommun\/#website\"},\"primaryImageOfPage\":{\"@id\":\"http:\/\/www.dinsotare.se\/rattviks-kommun\/om-oss\/#primaryimage\"},\"image\":{\"@id\":\"http:\/\/www.dinsotare.se\/rattviks-kommun\/om-oss\/#primaryimage\"},\"thumbnailUrl\":\"http:\/\/www.dinsotare.se\/rattviks-kommun\/wp-content\/uploads\/sites\/7\/2017\/11\/geran-de-klerk-216686.jpg\",\"datePublished\":\"2017-11-28T17:41:13+00:00\",\"dateModified\":\"2018-03-20T17:47:09+00:00\",\"breadcrumb\":{\"@id\":\"http:\/\/www.dinsotare.se\/rattviks-kommun\/om-oss\/#breadcrumb\"},\"inLanguage\":\"sv-SE\",\"potentialAction\":[{\"@type\":\"ReadAction\",\"target\":[\"http:\/\/www.dinsotare.se\/rattviks-kommun\/om-oss\/\"]}]},{\"@type\":\"ImageObject\",\"inLanguage\":\"sv-SE\",\"@id\":\"http:\/\/www.dinsotare.se\/rattviks-kommun\/om-oss\/#primaryimage\",\"url\":\"http:\/\/www.dinsotare.se\/rattviks-kommun\/wp-content\/uploads\/sites\/7\/2017\/11\/geran-de-klerk-216686.jpg\",\"contentUrl\":\"http:\/\/www.dinsotare.se\/rattviks-kommun\/wp-content\/uploads\/sites\/7\/2017\/11\/geran-de-klerk-216686.jpg\",\"width\":4000,\"height\":3000},{\"@type\":\"BreadcrumbList\",\"@id\":\"http:\/\/www.dinsotare.se\/rattviks-kommun\/om-oss\/#breadcrumb\",\"itemListElement\":[{\"@type\":\"ListItem\",\"position\":1,\"name\":\"Hem\",\"item\":\"http:\/\/www.dinsotare.se\/rattviks-kommun\/\"},{\"@type\":\"ListItem\",\"position\":2,\"name\":\"Om oss\"}]},{\"@type\":\"WebSite\",\"@id\":\"http:\/\/www.dinsotare.se\/rattviks-kommun\/#website\",\"url\":\"http:\/\/www.dinsotare.se\/rattviks-kommun\/\",\"name\":\"Bramstedts Skorstensfejeri i R\u00e4ttviks kommun\",\"description\":\"\",\"potentialAction\":[{\"@type\":\"SearchAction\",\"target\":{\"@type\":\"EntryPoint\",\"urlTemplate\":\"http:\/\/www.dinsotare.se\/rattviks-kommun\/?s={search_term_string}\"},\"query-input\":{\"@type\":\"PropertyValueSpecification\",\"valueRequired\":true,\"valueName\":\"search_term_string\"}}],\"inLanguage\":\"sv-SE\"}]}<\/script>\n<!-- \/ Yoast SEO plugin. -->","yoast_head_json":{"title":"Om oss - Bramstedts Skorstensfejeri i R\u00e4ttviks kommun","robots":{"index":"index","follow":"follow","max-snippet":"max-snippet:-1","max-image-preview":"max-image-preview:large","max-video-preview":"max-video-preview:-1"},"canonical":"http:\/\/www.dinsotare.se\/rattviks-kommun\/om-oss\/","og_locale":"sv_SE","og_type":"article","og_title":"Om oss - Bramstedts Skorstensfejeri i R\u00e4ttviks kommun","og_description":"V\u00e5r aff\u00e4rsid\u00e9 Bramstedts Skorstensfejeri AB utf\u00f6r lagstadgad brandskyddskontroll, reng\u00f6ring\u00a0och tillh\u00f6rande besiktningar med h\u00f6g kvalit\u00e9 och ett trevligt bem\u00f6tande. Vi erbjuder alla typer av besiktningar inom energi, milj\u00f6, funktion och brandbesiktningar...","og_url":"http:\/\/www.dinsotare.se\/rattviks-kommun\/om-oss\/","og_site_name":"Bramstedts Skorstensfejeri i R\u00e4ttviks kommun","article_modified_time":"2018-03-20T17:47:09+00:00","og_image":[{"width":1024,"height":768,"url":"http:\/\/www.dinsotare.se\/rattviks-kommun\/wp-content\/uploads\/sites\/7\/2017\/11\/geran-de-klerk-216686-1024x768.jpg","type":"image\/jpeg"}],"twitter_card":"summary_large_image","twitter_misc":{"Ber\u00e4knad l\u00e4stid":"1 minut"},"schema":{"@context":"https:\/\/schema.org","@graph":[{"@type":"WebPage","@id":"http:\/\/www.dinsotare.se\/rattviks-kommun\/om-oss\/","url":"http:\/\/www.dinsotare.se\/rattviks-kommun\/om-oss\/","name":"Om oss - Bramstedts Skorstensfejeri i R\u00e4ttviks kommun","isPartOf":{"@id":"http:\/\/www.dinsotare.se\/rattviks-kommun\/#website"},"primaryImageOfPage":{"@id":"http:\/\/www.dinsotare.se\/rattviks-kommun\/om-oss\/#primaryimage"},"image":{"@id":"http:\/\/www.dinsotare.se\/rattviks-kommun\/om-oss\/#primaryimage"},"thumbnailUrl":"http:\/\/www.dinsotare.se\/rattviks-kommun\/wp-content\/uploads\/sites\/7\/2017\/11\/geran-de-klerk-216686.jpg","datePublished":"2017-11-28T17:41:13+00:00","dateModified":"2018-03-20T17:47:09+00:00","breadcrumb":{"@id":"http:\/\/www.dinsotare.se\/rattviks-kommun\/om-oss\/#breadcrumb"},"inLanguage":"sv-SE","potentialAction":[{"@type":"ReadAction","target":["http:\/\/www.dinsotare.se\/rattviks-kommun\/om-oss\/"]}]},{"@type":"ImageObject","inLanguage":"sv-SE","@id":"http:\/\/www.dinsotare.se\/rattviks-kommun\/om-oss\/#primaryimage","url":"http:\/\/www.dinsotare.se\/rattviks-kommun\/wp-content\/uploads\/sites\/7\/2017\/11\/geran-de-klerk-216686.jpg","contentUrl":"http:\/\/www.dinsotare.se\/rattviks-kommun\/wp-content\/uploads\/sites\/7\/2017\/11\/geran-de-klerk-216686.jpg","width":4000,"height":3000},{"@type":"BreadcrumbList","@id":"http:\/\/www.dinsotare.se\/rattviks-kommun\/om-oss\/#breadcrumb","itemListElement":[{"@type":"ListItem","position":1,"name":"Hem","item":"http:\/\/www.dinsotare.se\/rattviks-kommun\/"},{"@type":"ListItem","position":2,"name":"Om oss"}]},{"@type":"WebSite","@id":"http:\/\/www.dinsotare.se\/rattviks-kommun\/#website","url":"http:\/\/www.dinsotare.se\/rattviks-kommun\/","name":"Bramstedts Skorstensfejeri i R\u00e4ttviks kommun","description":"","potentialAction":[{"@type":"SearchAction","target":{"@type":"EntryPoint","urlTemplate":"http:\/\/www.dinsotare.se\/rattviks-kommun\/?s={search_term_string}"},"query-input":{"@type":"PropertyValueSpecification","valueRequired":true,"valueName":"search_term_string"}}],"inLanguage":"sv-SE"}]}},"_links":{"self":[{"href":"http:\/\/www.dinsotare.se\/rattviks-kommun\/wp-json\/wp\/v2\/pages\/50","targetHints":{"allow":["GET"]}}],"collection":[{"href":"http:\/\/www.dinsotare.se\/rattviks-kommun\/wp-json\/wp\/v2\/pages"}],"about":[{"href":"http:\/\/www.dinsotare.se\/rattviks-kommun\/wp-json\/wp\/v2\/types\/page"}],"author":[{"embeddable":true,"href":"http:\/\/www.dinsotare.se\/rattviks-kommun\/wp-json\/wp\/v2\/users\/1"}],"replies":[{"embeddable":true,"href":"http:\/\/www.dinsotare.se\/rattviks-kommun\/wp-json\/wp\/v2\/comments?post=50"}],"version-history":[{"count":3,"href":"http:\/\/www.dinsotare.se\/rattviks-kommun\/wp-json\/wp\/v2\/pages\/50\/revisions"}],"predecessor-version":[{"id":183,"href":"http:\/\/www.dinsotare.se\/rattviks-kommun\/wp-json\/wp\/v2\/pages\/50\/revisions\/183"}],"wp:featuredmedia":[{"embeddable":true,"href":"http:\/\/www.dinsotare.se\/rattviks-kommun\/wp-json\/wp\/v2\/media\/95"}],"wp:attachment":[{"href":"http:\/\/www.dinsotare.se\/rattviks-kommun\/wp-json\/wp\/v2\/media?parent=50"}],"curies":[{"name":"wp","href":"https:\/\/api.w.org\/{rel}","templated":true}]}}