{"id":37,"date":"2017-11-28T18:34:42","date_gmt":"2017-11-28T17:34:42","guid":{"rendered":"http:\/\/www.dinsotare.se\/huddinge-kommun\/?page_id=37"},"modified":"2023-11-08T11:33:01","modified_gmt":"2023-11-08T10:33:01","slug":"avgifter-och-regler","status":"publish","type":"page","link":"https:\/\/www.dinsotare.se\/huddinge-kommun\/avgifter-och-regler\/","title":{"rendered":"Avgifter och regler"},"content":{"rendered":"<h2>Prislistor<\/h2>\n<h6><a href=\"https:\/\/www.sbff.se\/globalassets\/brandskyddskontroll-och-sotning\/taxa-sotning-och-brandskyddskontroll-from-2023-07-01.pdf\" target=\"_blank\" rel=\"noopener noreferrer\">Taxa sotning &amp; brandskyddskontroll<\/a><\/h6>\n<hr \/>\n<p><span style=\"font-size: 1.3rem;\"><a href=\"https:\/\/www.sbff.se\/hem--fritid\/sotning-och-brandskyddskontroll\/brandskyddskontroll\/frister-brandskyddskontroll2\/\" target=\"_blank\" rel=\"noopener noreferrer\">Frister <span style=\"font-size: 1.2rem;\">brandskyddskontroll<\/span><\/a><\/span><\/p>\n<p><span style=\"font-size: 1.3rem;\"><a href=\"https:\/\/www.sbff.se\/globalassets\/pdf\/sotning-och-brandskyddskontroll\/frister-for-rengoring.pdf\" target=\"_blank\" rel=\"noopener noreferrer\">Frister <span style=\"font-size: 1.2rem;\">f\u00f6r sotning<\/span><\/a><\/span><\/p>\n","protected":false},"excerpt":{"rendered":"<p>Prislistor Taxa sotning &amp; brandskyddskontroll Frister brandskyddskontroll Frister f\u00f6r sotning<\/p>\n","protected":false},"author":1,"featured_media":0,"parent":0,"menu_order":0,"comment_status":"closed","ping_status":"closed","template":"","meta":{"_acf_changed":false,"footnotes":""},"class_list":["post-37","page","type-page","status-publish","hentry"],"acf":[],"yoast_head":"<!-- This site is optimized with the Yoast SEO plugin v26.1.1 - https:\/\/yoast.com\/wordpress\/plugins\/seo\/ -->\n<title>Avgifter och regler - Skorstensfejarm\u00e4starna S\u00f6dert\u00f6rn<\/title>\n<meta name=\"robots\" content=\"index, follow, max-snippet:-1, max-image-preview:large, max-video-preview:-1\" \/>\n<link rel=\"canonical\" href=\"https:\/\/www.dinsotare.se\/huddinge-kommun\/avgifter-och-regler\/\" \/>\n<meta property=\"og:locale\" content=\"sv_SE\" \/>\n<meta property=\"og:type\" content=\"article\" \/>\n<meta property=\"og:title\" content=\"Avgifter och regler - Skorstensfejarm\u00e4starna S\u00f6dert\u00f6rn\" \/>\n<meta property=\"og:description\" content=\"Prislistor Taxa sotning &amp; brandskyddskontroll Frister brandskyddskontroll Frister f\u00f6r sotning\" \/>\n<meta property=\"og:url\" content=\"https:\/\/www.dinsotare.se\/huddinge-kommun\/avgifter-och-regler\/\" \/>\n<meta property=\"og:site_name\" content=\"Skorstensfejarm\u00e4starna S\u00f6dert\u00f6rn\" \/>\n<meta property=\"article:modified_time\" content=\"2023-11-08T10:33:01+00:00\" \/>\n<meta name=\"twitter:card\" content=\"summary_large_image\" \/>\n<meta name=\"twitter:label1\" content=\"Ber\u00e4knad l\u00e4stid\" \/>\n\t<meta name=\"twitter:data1\" content=\"1 minut\" \/>\n<script type=\"application\/ld+json\" class=\"yoast-schema-graph\">{\"@context\":\"https:\/\/schema.org\",\"@graph\":[{\"@type\":\"WebPage\",\"@id\":\"https:\/\/www.dinsotare.se\/huddinge-kommun\/avgifter-och-regler\/\",\"url\":\"https:\/\/www.dinsotare.se\/huddinge-kommun\/avgifter-och-regler\/\",\"name\":\"Avgifter och regler - Skorstensfejarm\u00e4starna S\u00f6dert\u00f6rn\",\"isPartOf\":{\"@id\":\"https:\/\/www.dinsotare.se\/huddinge-kommun\/#website\"},\"datePublished\":\"2017-11-28T17:34:42+00:00\",\"dateModified\":\"2023-11-08T10:33:01+00:00\",\"breadcrumb\":{\"@id\":\"https:\/\/www.dinsotare.se\/huddinge-kommun\/avgifter-och-regler\/#breadcrumb\"},\"inLanguage\":\"sv-SE\",\"potentialAction\":[{\"@type\":\"ReadAction\",\"target\":[\"https:\/\/www.dinsotare.se\/huddinge-kommun\/avgifter-och-regler\/\"]}]},{\"@type\":\"BreadcrumbList\",\"@id\":\"https:\/\/www.dinsotare.se\/huddinge-kommun\/avgifter-och-regler\/#breadcrumb\",\"itemListElement\":[{\"@type\":\"ListItem\",\"position\":1,\"name\":\"Hem\",\"item\":\"https:\/\/www.dinsotare.se\/huddinge-kommun\/\"},{\"@type\":\"ListItem\",\"position\":2,\"name\":\"Avgifter och regler\"}]},{\"@type\":\"WebSite\",\"@id\":\"https:\/\/www.dinsotare.se\/huddinge-kommun\/#website\",\"url\":\"https:\/\/www.dinsotare.se\/huddinge-kommun\/\",\"name\":\"Skorstensfejarm\u00e4starna S\u00f6dert\u00f6rn\",\"description\":\"\",\"potentialAction\":[{\"@type\":\"SearchAction\",\"target\":{\"@type\":\"EntryPoint\",\"urlTemplate\":\"https:\/\/www.dinsotare.se\/huddinge-kommun\/?s={search_term_string}\"},\"query-input\":{\"@type\":\"PropertyValueSpecification\",\"valueRequired\":true,\"valueName\":\"search_term_string\"}}],\"inLanguage\":\"sv-SE\"}]}<\/script>\n<!-- \/ Yoast SEO plugin. -->","yoast_head_json":{"title":"Avgifter och regler - Skorstensfejarm\u00e4starna S\u00f6dert\u00f6rn","robots":{"index":"index","follow":"follow","max-snippet":"max-snippet:-1","max-image-preview":"max-image-preview:large","max-video-preview":"max-video-preview:-1"},"canonical":"https:\/\/www.dinsotare.se\/huddinge-kommun\/avgifter-och-regler\/","og_locale":"sv_SE","og_type":"article","og_title":"Avgifter och regler - Skorstensfejarm\u00e4starna S\u00f6dert\u00f6rn","og_description":"Prislistor Taxa sotning &amp; brandskyddskontroll Frister brandskyddskontroll Frister f\u00f6r sotning","og_url":"https:\/\/www.dinsotare.se\/huddinge-kommun\/avgifter-och-regler\/","og_site_name":"Skorstensfejarm\u00e4starna S\u00f6dert\u00f6rn","article_modified_time":"2023-11-08T10:33:01+00:00","twitter_card":"summary_large_image","twitter_misc":{"Ber\u00e4knad l\u00e4stid":"1 minut"},"schema":{"@context":"https:\/\/schema.org","@graph":[{"@type":"WebPage","@id":"https:\/\/www.dinsotare.se\/huddinge-kommun\/avgifter-och-regler\/","url":"https:\/\/www.dinsotare.se\/huddinge-kommun\/avgifter-och-regler\/","name":"Avgifter och regler - Skorstensfejarm\u00e4starna S\u00f6dert\u00f6rn","isPartOf":{"@id":"https:\/\/www.dinsotare.se\/huddinge-kommun\/#website"},"datePublished":"2017-11-28T17:34:42+00:00","dateModified":"2023-11-08T10:33:01+00:00","breadcrumb":{"@id":"https:\/\/www.dinsotare.se\/huddinge-kommun\/avgifter-och-regler\/#breadcrumb"},"inLanguage":"sv-SE","potentialAction":[{"@type":"ReadAction","target":["https:\/\/www.dinsotare.se\/huddinge-kommun\/avgifter-och-regler\/"]}]},{"@type":"BreadcrumbList","@id":"https:\/\/www.dinsotare.se\/huddinge-kommun\/avgifter-och-regler\/#breadcrumb","itemListElement":[{"@type":"ListItem","position":1,"name":"Hem","item":"https:\/\/www.dinsotare.se\/huddinge-kommun\/"},{"@type":"ListItem","position":2,"name":"Avgifter och regler"}]},{"@type":"WebSite","@id":"https:\/\/www.dinsotare.se\/huddinge-kommun\/#website","url":"https:\/\/www.dinsotare.se\/huddinge-kommun\/","name":"Skorstensfejarm\u00e4starna S\u00f6dert\u00f6rn","description":"","potentialAction":[{"@type":"SearchAction","target":{"@type":"EntryPoint","urlTemplate":"https:\/\/www.dinsotare.se\/huddinge-kommun\/?s={search_term_string}"},"query-input":{"@type":"PropertyValueSpecification","valueRequired":true,"valueName":"search_term_string"}}],"inLanguage":"sv-SE"}]}},"_links":{"self":[{"href":"https:\/\/www.dinsotare.se\/huddinge-kommun\/wp-json\/wp\/v2\/pages\/37","targetHints":{"allow":["GET"]}}],"collection":[{"href":"https:\/\/www.dinsotare.se\/huddinge-kommun\/wp-json\/wp\/v2\/pages"}],"about":[{"href":"https:\/\/www.dinsotare.se\/huddinge-kommun\/wp-json\/wp\/v2\/types\/page"}],"author":[{"embeddable":true,"href":"https:\/\/www.dinsotare.se\/huddinge-kommun\/wp-json\/wp\/v2\/users\/1"}],"replies":[{"embeddable":true,"href":"https:\/\/www.dinsotare.se\/huddinge-kommun\/wp-json\/wp\/v2\/comments?post=37"}],"version-history":[{"count":21,"href":"https:\/\/www.dinsotare.se\/huddinge-kommun\/wp-json\/wp\/v2\/pages\/37\/revisions"}],"predecessor-version":[{"id":878,"href":"https:\/\/www.dinsotare.se\/huddinge-kommun\/wp-json\/wp\/v2\/pages\/37\/revisions\/878"}],"wp:attachment":[{"href":"https:\/\/www.dinsotare.se\/huddinge-kommun\/wp-json\/wp\/v2\/media?parent=37"}],"curies":[{"name":"wp","href":"https:\/\/api.w.org\/{rel}","templated":true}]}}