{"id":35,"date":"2017-11-28T18:33:31","date_gmt":"2017-11-28T17:33:31","guid":{"rendered":"http:\/\/www.dinsotare.se\/leksands-kommun\/?page_id=35"},"modified":"2017-11-29T12:11:55","modified_gmt":"2017-11-29T11:11:55","slug":"infor-besoket","status":"publish","type":"page","link":"https:\/\/www.dinsotare.se\/leksands-kommun\/infor-besoket\/","title":{"rendered":"Inf\u00f6r bes\u00f6ket"},"content":{"rendered":"<p><span style=\"font-size: 1.2rem;\">Tillsammans kan vi hj\u00e4lpas \u00e5t s\u00e5 att bes\u00f6ket hos dig blir s\u00e5 bra och effektivt som m\u00f6jligt.<\/span><\/p>\n<h4>H\u00e4r \u00e4r n\u00e5gra saker att t\u00e4nka p\u00e5:<\/h4>\n<ul>\n<li>F\u00f6r att vi ska kunna sota och kontrollera dina eldst\u00e4der beh\u00f6ver vi komma in och f\u00e5 tilltr\u00e4de till din fastighet. Antingen kan du meddela oss en plats d\u00e4r vi hittar nyckel eller om du har m\u00f6jlighet att vara hemma. Du kan ocks\u00e5 be en granne l\u00e5sa upp.<\/li>\n<li>Husdjur som hundar, katter mm tycker vi om, bara dom \u00e4r sn\u00e4lla och inte aggresiva<\/li>\n<li>Vi aviserar dig i f\u00f6rtid innan vi kommer \u2013 om vi inte kan utf\u00f6ra uppgiften blir vi tvugna att debitera dig en s\u00e4rskild ers\u00e4ttning f\u00f6r ordinarie sotningstur, enligt fastst\u00e4lld taxa<\/li>\n<li>Vid sotsugning m\u00e5ste skyddsjordat uttag finnas i pannrummet eller i omedelbar n\u00e4rhet.<\/li>\n<li>Uppstigningsanordningar till tak och skorsten etc skall finnas och vara framtagna samt vara v\u00e4l underh\u00e5llna.<\/li>\n<li>Om du har bytt br\u00e4nsleslag i fastigheten har du skyldighet att meddela oss.<\/li>\n<li>T\u00e4ck g\u00e4rna f\u00f6r med skyddspapp eller liknande d\u00e4r du \u00e4r extra r\u00e4dd om ytor. Vi \u00e4r s\u00e5klart f\u00f6rsiktiga och f\u00f6rs\u00f6ker att inte smutsa ner i on\u00f6dan.<\/li>\n<\/ul>\n","protected":false},"excerpt":{"rendered":"<p>Tillsammans kan vi hj\u00e4lpas \u00e5t s\u00e5 att bes\u00f6ket hos dig blir s\u00e5 bra och effektivt som m\u00f6jligt. H\u00e4r \u00e4r n\u00e5gra saker att t\u00e4nka p\u00e5: F\u00f6r att vi ska kunna sota&#8230;<\/p>\n","protected":false},"author":1,"featured_media":87,"parent":0,"menu_order":0,"comment_status":"closed","ping_status":"closed","template":"","meta":{"_acf_changed":false,"footnotes":""},"class_list":["post-35","page","type-page","status-publish","has-post-thumbnail","hentry"],"acf":[],"yoast_head":"<!-- This site is optimized with the Yoast SEO plugin v26.1.1 - https:\/\/yoast.com\/wordpress\/plugins\/seo\/ -->\n<title>Inf\u00f6r bes\u00f6ket - Bramstedts Skorstensfejeri i Leksands kommun<\/title>\n<meta name=\"robots\" content=\"index, follow, max-snippet:-1, max-image-preview:large, max-video-preview:-1\" \/>\n<link rel=\"canonical\" href=\"https:\/\/www.dinsotare.se\/leksands-kommun\/infor-besoket\/\" \/>\n<meta property=\"og:locale\" content=\"sv_SE\" \/>\n<meta property=\"og:type\" content=\"article\" \/>\n<meta property=\"og:title\" content=\"Inf\u00f6r bes\u00f6ket - Bramstedts Skorstensfejeri i Leksands kommun\" \/>\n<meta property=\"og:description\" content=\"Tillsammans kan vi hj\u00e4lpas \u00e5t s\u00e5 att bes\u00f6ket hos dig blir s\u00e5 bra och effektivt som m\u00f6jligt. H\u00e4r \u00e4r n\u00e5gra saker att t\u00e4nka p\u00e5: F\u00f6r att vi ska kunna sota...\" \/>\n<meta property=\"og:url\" content=\"https:\/\/www.dinsotare.se\/leksands-kommun\/infor-besoket\/\" \/>\n<meta property=\"og:site_name\" content=\"Bramstedts Skorstensfejeri i Leksands kommun\" \/>\n<meta property=\"article:modified_time\" content=\"2017-11-29T11:11:55+00:00\" \/>\n<meta property=\"og:image\" content=\"https:\/\/www.dinsotare.se\/leksands-kommun\/wp-content\/uploads\/sites\/3\/2017\/11\/jon-flobrant-229724-965x1024.jpg\" \/>\n\t<meta property=\"og:image:width\" content=\"965\" \/>\n\t<meta property=\"og:image:height\" content=\"1024\" \/>\n\t<meta property=\"og:image:type\" content=\"image\/jpeg\" \/>\n<meta name=\"twitter:card\" content=\"summary_large_image\" \/>\n<meta name=\"twitter:label1\" content=\"Ber\u00e4knad l\u00e4stid\" \/>\n\t<meta name=\"twitter:data1\" content=\"1 minut\" \/>\n<script type=\"application\/ld+json\" class=\"yoast-schema-graph\">{\"@context\":\"https:\/\/schema.org\",\"@graph\":[{\"@type\":\"WebPage\",\"@id\":\"https:\/\/www.dinsotare.se\/leksands-kommun\/infor-besoket\/\",\"url\":\"https:\/\/www.dinsotare.se\/leksands-kommun\/infor-besoket\/\",\"name\":\"Inf\u00f6r bes\u00f6ket - Bramstedts Skorstensfejeri i Leksands kommun\",\"isPartOf\":{\"@id\":\"https:\/\/www.dinsotare.se\/leksands-kommun\/#website\"},\"primaryImageOfPage\":{\"@id\":\"https:\/\/www.dinsotare.se\/leksands-kommun\/infor-besoket\/#primaryimage\"},\"image\":{\"@id\":\"https:\/\/www.dinsotare.se\/leksands-kommun\/infor-besoket\/#primaryimage\"},\"thumbnailUrl\":\"https:\/\/www.dinsotare.se\/leksands-kommun\/wp-content\/uploads\/sites\/3\/2017\/11\/jon-flobrant-229724.jpg\",\"datePublished\":\"2017-11-28T17:33:31+00:00\",\"dateModified\":\"2017-11-29T11:11:55+00:00\",\"breadcrumb\":{\"@id\":\"https:\/\/www.dinsotare.se\/leksands-kommun\/infor-besoket\/#breadcrumb\"},\"inLanguage\":\"sv-SE\",\"potentialAction\":[{\"@type\":\"ReadAction\",\"target\":[\"https:\/\/www.dinsotare.se\/leksands-kommun\/infor-besoket\/\"]}]},{\"@type\":\"ImageObject\",\"inLanguage\":\"sv-SE\",\"@id\":\"https:\/\/www.dinsotare.se\/leksands-kommun\/infor-besoket\/#primaryimage\",\"url\":\"https:\/\/www.dinsotare.se\/leksands-kommun\/wp-content\/uploads\/sites\/3\/2017\/11\/jon-flobrant-229724.jpg\",\"contentUrl\":\"https:\/\/www.dinsotare.se\/leksands-kommun\/wp-content\/uploads\/sites\/3\/2017\/11\/jon-flobrant-229724.jpg\",\"width\":3574,\"height\":3794},{\"@type\":\"BreadcrumbList\",\"@id\":\"https:\/\/www.dinsotare.se\/leksands-kommun\/infor-besoket\/#breadcrumb\",\"itemListElement\":[{\"@type\":\"ListItem\",\"position\":1,\"name\":\"Hem\",\"item\":\"https:\/\/www.dinsotare.se\/leksands-kommun\/\"},{\"@type\":\"ListItem\",\"position\":2,\"name\":\"Inf\u00f6r bes\u00f6ket\"}]},{\"@type\":\"WebSite\",\"@id\":\"https:\/\/www.dinsotare.se\/leksands-kommun\/#website\",\"url\":\"https:\/\/www.dinsotare.se\/leksands-kommun\/\",\"name\":\"Bramstedts Skorstensfejeri i Leksands kommun\",\"description\":\"\",\"potentialAction\":[{\"@type\":\"SearchAction\",\"target\":{\"@type\":\"EntryPoint\",\"urlTemplate\":\"https:\/\/www.dinsotare.se\/leksands-kommun\/?s={search_term_string}\"},\"query-input\":{\"@type\":\"PropertyValueSpecification\",\"valueRequired\":true,\"valueName\":\"search_term_string\"}}],\"inLanguage\":\"sv-SE\"}]}<\/script>\n<!-- \/ Yoast SEO plugin. -->","yoast_head_json":{"title":"Inf\u00f6r bes\u00f6ket - Bramstedts Skorstensfejeri i Leksands kommun","robots":{"index":"index","follow":"follow","max-snippet":"max-snippet:-1","max-image-preview":"max-image-preview:large","max-video-preview":"max-video-preview:-1"},"canonical":"https:\/\/www.dinsotare.se\/leksands-kommun\/infor-besoket\/","og_locale":"sv_SE","og_type":"article","og_title":"Inf\u00f6r bes\u00f6ket - Bramstedts Skorstensfejeri i Leksands kommun","og_description":"Tillsammans kan vi hj\u00e4lpas \u00e5t s\u00e5 att bes\u00f6ket hos dig blir s\u00e5 bra och effektivt som m\u00f6jligt. H\u00e4r \u00e4r n\u00e5gra saker att t\u00e4nka p\u00e5: F\u00f6r att vi ska kunna sota...","og_url":"https:\/\/www.dinsotare.se\/leksands-kommun\/infor-besoket\/","og_site_name":"Bramstedts Skorstensfejeri i Leksands kommun","article_modified_time":"2017-11-29T11:11:55+00:00","og_image":[{"width":965,"height":1024,"url":"https:\/\/www.dinsotare.se\/leksands-kommun\/wp-content\/uploads\/sites\/3\/2017\/11\/jon-flobrant-229724-965x1024.jpg","type":"image\/jpeg"}],"twitter_card":"summary_large_image","twitter_misc":{"Ber\u00e4knad l\u00e4stid":"1 minut"},"schema":{"@context":"https:\/\/schema.org","@graph":[{"@type":"WebPage","@id":"https:\/\/www.dinsotare.se\/leksands-kommun\/infor-besoket\/","url":"https:\/\/www.dinsotare.se\/leksands-kommun\/infor-besoket\/","name":"Inf\u00f6r bes\u00f6ket - Bramstedts Skorstensfejeri i Leksands kommun","isPartOf":{"@id":"https:\/\/www.dinsotare.se\/leksands-kommun\/#website"},"primaryImageOfPage":{"@id":"https:\/\/www.dinsotare.se\/leksands-kommun\/infor-besoket\/#primaryimage"},"image":{"@id":"https:\/\/www.dinsotare.se\/leksands-kommun\/infor-besoket\/#primaryimage"},"thumbnailUrl":"https:\/\/www.dinsotare.se\/leksands-kommun\/wp-content\/uploads\/sites\/3\/2017\/11\/jon-flobrant-229724.jpg","datePublished":"2017-11-28T17:33:31+00:00","dateModified":"2017-11-29T11:11:55+00:00","breadcrumb":{"@id":"https:\/\/www.dinsotare.se\/leksands-kommun\/infor-besoket\/#breadcrumb"},"inLanguage":"sv-SE","potentialAction":[{"@type":"ReadAction","target":["https:\/\/www.dinsotare.se\/leksands-kommun\/infor-besoket\/"]}]},{"@type":"ImageObject","inLanguage":"sv-SE","@id":"https:\/\/www.dinsotare.se\/leksands-kommun\/infor-besoket\/#primaryimage","url":"https:\/\/www.dinsotare.se\/leksands-kommun\/wp-content\/uploads\/sites\/3\/2017\/11\/jon-flobrant-229724.jpg","contentUrl":"https:\/\/www.dinsotare.se\/leksands-kommun\/wp-content\/uploads\/sites\/3\/2017\/11\/jon-flobrant-229724.jpg","width":3574,"height":3794},{"@type":"BreadcrumbList","@id":"https:\/\/www.dinsotare.se\/leksands-kommun\/infor-besoket\/#breadcrumb","itemListElement":[{"@type":"ListItem","position":1,"name":"Hem","item":"https:\/\/www.dinsotare.se\/leksands-kommun\/"},{"@type":"ListItem","position":2,"name":"Inf\u00f6r bes\u00f6ket"}]},{"@type":"WebSite","@id":"https:\/\/www.dinsotare.se\/leksands-kommun\/#website","url":"https:\/\/www.dinsotare.se\/leksands-kommun\/","name":"Bramstedts Skorstensfejeri i Leksands kommun","description":"","potentialAction":[{"@type":"SearchAction","target":{"@type":"EntryPoint","urlTemplate":"https:\/\/www.dinsotare.se\/leksands-kommun\/?s={search_term_string}"},"query-input":{"@type":"PropertyValueSpecification","valueRequired":true,"valueName":"search_term_string"}}],"inLanguage":"sv-SE"}]}},"_links":{"self":[{"href":"https:\/\/www.dinsotare.se\/leksands-kommun\/wp-json\/wp\/v2\/pages\/35","targetHints":{"allow":["GET"]}}],"collection":[{"href":"https:\/\/www.dinsotare.se\/leksands-kommun\/wp-json\/wp\/v2\/pages"}],"about":[{"href":"https:\/\/www.dinsotare.se\/leksands-kommun\/wp-json\/wp\/v2\/types\/page"}],"author":[{"embeddable":true,"href":"https:\/\/www.dinsotare.se\/leksands-kommun\/wp-json\/wp\/v2\/users\/1"}],"replies":[{"embeddable":true,"href":"https:\/\/www.dinsotare.se\/leksands-kommun\/wp-json\/wp\/v2\/comments?post=35"}],"version-history":[{"count":1,"href":"https:\/\/www.dinsotare.se\/leksands-kommun\/wp-json\/wp\/v2\/pages\/35\/revisions"}],"predecessor-version":[{"id":36,"href":"https:\/\/www.dinsotare.se\/leksands-kommun\/wp-json\/wp\/v2\/pages\/35\/revisions\/36"}],"wp:featuredmedia":[{"embeddable":true,"href":"https:\/\/www.dinsotare.se\/leksands-kommun\/wp-json\/wp\/v2\/media\/87"}],"wp:attachment":[{"href":"https:\/\/www.dinsotare.se\/leksands-kommun\/wp-json\/wp\/v2\/media?parent=35"}],"curies":[{"name":"wp","href":"https:\/\/api.w.org\/{rel}","templated":true}]}}